{"id":414,"date":"2017-12-05T01:28:13","date_gmt":"2017-12-05T00:28:13","guid":{"rendered":"https:\/\/laforce-expedition.com\/inicio\/"},"modified":"2025-03-12T14:55:35","modified_gmt":"2025-03-12T13:55:35","slug":"inicio","status":"publish","type":"page","link":"https:\/\/laforce-expedition.com\/es\/","title":{"rendered":"Inicio"},"content":{"rendered":"<p>[et_pb_section fb_built=\u00bb1&#8243; fullwidth=\u00bbon\u00bb _builder_version=\u00bb4.16&#8243; global_colors_info=\u00bb{}\u00bb][et_pb_fullwidth_slider _builder_version=\u00bb4.27.4&#8243; hover_enabled=\u00bb0&#8243; box_shadow_style=\u00bbpreset6&#8243; box_shadow_blur=\u00bb10px\u00bb box_shadow_color=\u00bbrgba(0,0,0,0.1)\u00bb show_inner_shadow=\u00bbon\u00bb global_colors_info=\u00bb{}\u00bb button_text_size__hover_enabled=\u00bboff\u00bb button_one_text_size__hover_enabled=\u00bboff\u00bb button_two_text_size__hover_enabled=\u00bboff\u00bb button_text_color__hover_enabled=\u00bboff\u00bb button_one_text_color__hover_enabled=\u00bboff\u00bb button_two_text_color__hover_enabled=\u00bboff\u00bb button_border_width__hover_enabled=\u00bboff\u00bb button_one_border_width__hover_enabled=\u00bboff\u00bb button_two_border_width__hover_enabled=\u00bboff\u00bb button_border_color__hover_enabled=\u00bboff\u00bb button_one_border_color__hover_enabled=\u00bboff\u00bb button_two_border_color__hover_enabled=\u00bboff\u00bb button_border_radius__hover_enabled=\u00bboff\u00bb button_one_border_radius__hover_enabled=\u00bboff\u00bb button_two_border_radius__hover_enabled=\u00bboff\u00bb button_letter_spacing__hover_enabled=\u00bboff\u00bb button_one_letter_spacing__hover_enabled=\u00bboff\u00bb button_two_letter_spacing__hover_enabled=\u00bboff\u00bb button_bg_color__hover_enabled=\u00bboff\u00bb button_one_bg_color__hover_enabled=\u00bboff\u00bb button_two_bg_color__hover_enabled=\u00bboff\u00bb sticky_enabled=\u00bb0&#8243;][et_pb_slide heading=\u00bbEn Laforce Exp\u00e9dition, ofrecemos paseos en trineo de perros.\u00bb button_text=\u00bbCont\u00e1ctenos\u00bb button_link=\u00bbhttps:\/\/laforce-expedition.com\/es\/contacto\/\u00bb use_bg_overlay=\u00bboff\u00bb use_text_overlay=\u00bboff\u00bb _builder_version=\u00bb4.27.4&#8243; background_color=\u00bb#ffffff\u00bb background_image=\u00bbhttps:\/\/laforce-expedition.com\/wp-content\/uploads\/2017\/12\/2.jpg\u00bb parallax=\u00bbon\u00bb hover_enabled=\u00bb0&#8243; header_text_shadow_style=\u00bbpreset1&#8243; text_shadow_style=\u00bbpreset1&#8243; global_colors_info=\u00bb{}\u00bb button_text_size__hover_enabled=\u00bboff\u00bb button_one_text_size__hover_enabled=\u00bboff\u00bb button_two_text_size__hover_enabled=\u00bboff\u00bb button_text_color__hover_enabled=\u00bboff\u00bb button_one_text_color__hover_enabled=\u00bboff\u00bb button_two_text_color__hover_enabled=\u00bboff\u00bb button_border_width__hover_enabled=\u00bboff\u00bb button_one_border_width__hover_enabled=\u00bboff\u00bb button_two_border_width__hover_enabled=\u00bboff\u00bb button_border_color__hover_enabled=\u00bboff\u00bb button_one_border_color__hover_enabled=\u00bboff\u00bb button_two_border_color__hover_enabled=\u00bboff\u00bb button_border_radius__hover_enabled=\u00bboff\u00bb button_one_border_radius__hover_enabled=\u00bboff\u00bb button_two_border_radius__hover_enabled=\u00bboff\u00bb button_letter_spacing__hover_enabled=\u00bboff\u00bb button_one_letter_spacing__hover_enabled=\u00bboff\u00bb button_two_letter_spacing__hover_enabled=\u00bboff\u00bb button_bg_color__hover_enabled=\u00bboff\u00bb button_one_bg_color__hover_enabled=\u00bboff\u00bb button_two_bg_color__hover_enabled=\u00bboff\u00bb sticky_transition=\u00bbon\u00bb sticky_enabled=\u00bb0&#8243;][\/et_pb_slide][\/et_pb_fullwidth_slider][\/et_pb_section][et_pb_section fb_built=\u00bb1&#8243; inner_shadow=\u00bbon\u00bb fullwidth=\u00bbon\u00bb _builder_version=\u00bb4.16&#8243; background_color=\u00bb#939393&#8243; global_colors_info=\u00bb{}\u00bb][et_pb_fullwidth_header title=\u00bbVenga a compartir nuestra pasi\u00f3n viviendo una actividad familiar fuera de lo com\u00fan.\u00bb text_orientation=\u00bbcenter\u00bb _builder_version=\u00bb4.16&#8243; title_text_color=\u00bb#ffffff\u00bb title_font_size=\u00bb32px\u00bb title_line_height=\u00bb40px\u00bb background_color=\u00bbrgba(255, 255, 255, 0)\u00bb background_layout=\u00bblight\u00bb max_width_tablet=\u00bb50px\u00bb title_font_size_tablet=\u00bb26px\u00bb title_font_size_phone=\u00bb18px\u00bb title_font_size_last_edited=\u00bbon|phone\u00bb global_colors_info=\u00bb{}\u00bb button_one_text_size__hover_enabled=\u00bboff\u00bb button_two_text_size__hover_enabled=\u00bboff\u00bb button_one_text_color__hover_enabled=\u00bboff\u00bb button_two_text_color__hover_enabled=\u00bboff\u00bb button_one_border_width__hover_enabled=\u00bboff\u00bb button_two_border_width__hover_enabled=\u00bboff\u00bb button_one_border_color__hover_enabled=\u00bboff\u00bb button_two_border_color__hover_enabled=\u00bboff\u00bb button_one_border_radius__hover_enabled=\u00bboff\u00bb button_two_border_radius__hover_enabled=\u00bboff\u00bb button_one_letter_spacing__hover_enabled=\u00bboff\u00bb button_two_letter_spacing__hover_enabled=\u00bboff\u00bb button_one_bg_color__hover_enabled=\u00bboff\u00bb button_two_bg_color__hover_enabled=\u00bboff\u00bb][\/et_pb_fullwidth_header][\/et_pb_section][et_pb_section fb_built=\u00bb1&#8243; _builder_version=\u00bb4.16&#8243; global_colors_info=\u00bb{}\u00bb][et_pb_row column_structure=\u00bb1_2,1_2&#8243; _builder_version=\u00bb4.16&#8243; background_size=\u00bbinitial\u00bb background_position=\u00bbtop_left\u00bb background_repeat=\u00bbrepeat\u00bb global_colors_info=\u00bb{}\u00bb][et_pb_column type=\u00bb1_2&#8243; _builder_version=\u00bb4.16&#8243; custom_padding=\u00bb|||\u00bb global_colors_info=\u00bb{}\u00bb custom_padding__hover=\u00bb|||\u00bb][et_pb_image src=\u00bbhttps:\/\/laforce-expedition.com\/wp-content\/uploads\/2017\/12\/15727083_1183789294992088_3523752743559814063_n.jpg\u00bb alt=\u00bbPerros de trineo\u00bb title_text=\u00bbPerros de trineo\u00bb show_in_lightbox=\u00bbon\u00bb align_tablet=\u00bbcenter\u00bb align_phone=\u00bbcenter\u00bb align_last_edited=\u00bbon|desktop\u00bb admin_label=\u00bbImage &#8211; Chiens de tra\u00eeneaux\u00bb _builder_version=\u00bb4.16&#8243; animation_style=\u00bbfade\u00bb global_colors_info=\u00bb{}\u00bb][\/et_pb_image][\/et_pb_column][et_pb_column type=\u00bb1_2&#8243; _builder_version=\u00bb4.16&#8243; custom_padding=\u00bb|||\u00bb global_colors_info=\u00bb{}\u00bb custom_padding__hover=\u00bb|||\u00bb][et_pb_text admin_label=\u00bbBienvenue chez Laforce exp\u00e9dition !\u00bb _builder_version=\u00bb4.24.0&#8243; global_colors_info=\u00bb{}\u00bb]<\/p>\n<h2>\u00a1Bienvenido a <strong>Laforce Exp\u00e9dition!<\/strong><\/h2>\n<p>\u00bfSue\u00f1a con dar un paseo en trineo de perros en un ambiente acogedor y estimulante? Laforce Exp\u00e9dition lo recibir\u00e1 con los brazos abiertos para compartir su pasi\u00f3n por los perros de trineo y permitirle vivir una actividad invernal familiar fuera de lo com\u00fan.<\/p>\n<p>Ubicado en Lanoraie, a solo 40 minutos de Montreal, Laforce Exp\u00e9dition le ofrece inolvidables paseos en trineo de perros acompa\u00f1ado por un gu\u00eda en\u00e9rgico y experimentado. Adem\u00e1s, para los m\u00e1s intr\u00e9pidos, existe la posibilidad de conducir su propio trineo.<\/p>\n<p>Todas nuestras pistas se mantienen meticulosamente a diario para garantizar el m\u00e1ximo placer y seguridad a todos los clientes. Durante sus paseos en trineo de perros, tendr\u00e1 la oportunidad de vivir una experiencia invernal sin precedentes en medio del bosque. El paseo tiene una duraci\u00f3n de una hora y concluir\u00e1 en un lugar que combina confort y relajaci\u00f3n, en nuestra caba\u00f1a r\u00fastica, donde el calor lo espera.<\/p>\n<p>[\/et_pb_text][\/et_pb_column][\/et_pb_row][\/et_pb_section][et_pb_section fb_built=\u00bb1&#8243; _builder_version=\u00bb4.16&#8243; background_color=\u00bb#175028&#8243; global_colors_info=\u00bb{}\u00bb][et_pb_row _builder_version=\u00bb4.16&#8243; module_alignment=\u00bbcenter\u00bb global_colors_info=\u00bb{}\u00bb][et_pb_column type=\u00bb4_4&#8243; _builder_version=\u00bb4.16&#8243; custom_padding=\u00bb|||\u00bb global_colors_info=\u00bb{}\u00bb custom_padding__hover=\u00bb|||\u00bb][et_pb_text admin_label=\u00bbVenez profiter de la beaut\u00e9 de l\u2019hiver\u00bb _builder_version=\u00bb4.16&#8243; text_text_color=\u00bb#ffffff\u00bb header_text_align=\u00bbcenter\u00bb header_text_color=\u00bb#ffffff\u00bb global_colors_info=\u00bb{}\u00bb]<\/p>\n<h1>Venga a disfrutar de la belleza del invierno<br \/>en un lugar impresionante<br \/>donde el sue\u00f1o y la realidad se entrelazar\u00e1n.<\/h1>\n<p>[\/et_pb_text][\/et_pb_column][\/et_pb_row][\/et_pb_section][et_pb_section fb_built=\u00bb1&#8243; _builder_version=\u00bb4.16&#8243; global_colors_info=\u00bb{}\u00bb][et_pb_row _builder_version=\u00bb4.16&#8243; background_size=\u00bbinitial\u00bb background_position=\u00bbtop_left\u00bb background_repeat=\u00bbrepeat\u00bb global_colors_info=\u00bb{}\u00bb][et_pb_column type=\u00bb4_4&#8243; _builder_version=\u00bb4.16&#8243; custom_padding=\u00bb|||\u00bb global_colors_info=\u00bb{}\u00bb custom_padding__hover=\u00bb|||\u00bb][et_pb_image src=\u00bbhttps:\/\/laforce-expedition.com\/wp-content\/uploads\/2017\/12\/logo2.jpg\u00bb alt=\u00bbLogo Laforce Exp\u00e9dition\u00bb title_text=\u00bbLogo Laforce Exp\u00e9dition\u00bb align_tablet=\u00bbcenter\u00bb align_phone=\u00bbcenter\u00bb align_last_edited=\u00bbon|desktop\u00bb _builder_version=\u00bb4.16&#8243; animation_style=\u00bbfade\u00bb global_colors_info=\u00bb{}\u00bb][\/et_pb_image][\/et_pb_column][\/et_pb_row][\/et_pb_section]<\/p>\n","protected":false},"excerpt":{"rendered":"<p>\u00a1Bienvenido a Laforce Exp\u00e9dition! \u00bfSue\u00f1a con dar un paseo en trineo de perros en un ambiente acogedor y estimulante? Laforce Exp\u00e9dition lo recibir\u00e1 con los brazos abiertos para compartir su pasi\u00f3n por los perros de trineo y permitirle vivir una actividad invernal familiar fuera de lo com\u00fan. Ubicado en Lanoraie, a solo 40 minutos de [&hellip;]<\/p>\n","protected":false},"author":1,"featured_media":0,"parent":0,"menu_order":0,"comment_status":"closed","ping_status":"closed","template":"","meta":{"_et_pb_use_builder":"on","_et_pb_old_content":"","_et_gb_content_width":"","_exactmetrics_skip_tracking":false,"_exactmetrics_sitenote_active":false,"_exactmetrics_sitenote_note":"","_exactmetrics_sitenote_category":0,"footnotes":""},"yoast_head":"<!-- This site is optimized with the Yoast SEO plugin v22.6 - https:\/\/yoast.com\/wordpress\/plugins\/seo\/ -->\n<title>Paseos en trineo de perros - Laforce Exp\u00e9dition<\/title>\n<meta name=\"description\" content=\"Laforce Exp\u00e9dition ofrece paseos en trineo de perros en la regi\u00f3n de Joliette para todos los amantes de los trineos de perros.\" \/>\n<meta name=\"robots\" content=\"index, follow, max-snippet:-1, max-image-preview:large, max-video-preview:-1\" \/>\n<link rel=\"canonical\" href=\"https:\/\/laforce-expedition.com\/es\/\" \/>\n<meta property=\"og:locale\" content=\"es_ES\" \/>\n<meta property=\"og:type\" content=\"article\" \/>\n<meta property=\"og:title\" content=\"Paseos en trineo de perros - Laforce Exp\u00e9dition\" \/>\n<meta property=\"og:description\" content=\"Laforce Exp\u00e9dition ofrece paseos en trineo de perros en la regi\u00f3n de Joliette para todos los amantes de los trineos de perros.\" \/>\n<meta property=\"og:url\" content=\"https:\/\/laforce-expedition.com\/es\/\" \/>\n<meta property=\"og:site_name\" content=\"Laforce Exp\u00e9dition\" \/>\n<meta property=\"article:publisher\" content=\"https:\/\/www.facebook.com\/Laforceexpedition\/\" \/>\n<meta property=\"article:modified_time\" content=\"2025-03-12T13:55:35+00:00\" \/>\n<meta name=\"twitter:card\" content=\"summary_large_image\" \/>\n<meta name=\"twitter:label1\" content=\"Tiempo de lectura\" \/>\n\t<meta name=\"twitter:data1\" content=\"5 minutos\" \/>\n<script type=\"application\/ld+json\" class=\"yoast-schema-graph\">{\"@context\":\"https:\/\/schema.org\",\"@graph\":[{\"@type\":\"WebPage\",\"@id\":\"https:\/\/laforce-expedition.com\/es\/\",\"url\":\"https:\/\/laforce-expedition.com\/es\/\",\"name\":\"Paseos en trineo de perros - Laforce Exp\u00e9dition\",\"isPartOf\":{\"@id\":\"https:\/\/laforce-expedition.com\/es\/#website\"},\"datePublished\":\"2017-12-05T00:28:13+00:00\",\"dateModified\":\"2025-03-12T13:55:35+00:00\",\"description\":\"Laforce Exp\u00e9dition ofrece paseos en trineo de perros en la regi\u00f3n de Joliette para todos los amantes de los trineos de perros.\",\"breadcrumb\":{\"@id\":\"https:\/\/laforce-expedition.com\/es\/#breadcrumb\"},\"inLanguage\":\"es\",\"potentialAction\":[{\"@type\":\"ReadAction\",\"target\":[\"https:\/\/laforce-expedition.com\/es\/\"]}]},{\"@type\":\"BreadcrumbList\",\"@id\":\"https:\/\/laforce-expedition.com\/es\/#breadcrumb\",\"itemListElement\":[{\"@type\":\"ListItem\",\"position\":1,\"name\":\"Accueil\",\"item\":\"https:\/\/laforce-expedition.com\/es\/\"},{\"@type\":\"ListItem\",\"position\":2,\"name\":\"Inicio\"}]},{\"@type\":\"WebSite\",\"@id\":\"https:\/\/laforce-expedition.com\/es\/#website\",\"url\":\"https:\/\/laforce-expedition.com\/es\/\",\"name\":\"Laforce Exp\u00e9dition\",\"description\":\"Balades en chiens de tra\u00eeneaux.\",\"publisher\":{\"@id\":\"https:\/\/laforce-expedition.com\/es\/#organization\"},\"potentialAction\":[{\"@type\":\"SearchAction\",\"target\":{\"@type\":\"EntryPoint\",\"urlTemplate\":\"https:\/\/laforce-expedition.com\/es\/?s={search_term_string}\"},\"query-input\":\"required name=search_term_string\"}],\"inLanguage\":\"es\"},{\"@type\":\"Organization\",\"@id\":\"https:\/\/laforce-expedition.com\/es\/#organization\",\"name\":\"Laforce Exp\u00e9dition\",\"url\":\"https:\/\/laforce-expedition.com\/es\/\",\"logo\":{\"@type\":\"ImageObject\",\"inLanguage\":\"es\",\"@id\":\"https:\/\/laforce-expedition.com\/es\/#\/schema\/logo\/image\/\",\"url\":\"https:\/\/laforce-expedition.com\/wp-content\/uploads\/2017\/12\/logo-laforce.jpg\",\"contentUrl\":\"https:\/\/laforce-expedition.com\/wp-content\/uploads\/2017\/12\/logo-laforce.jpg\",\"width\":300,\"height\":317,\"caption\":\"Laforce Exp\u00e9dition\"},\"image\":{\"@id\":\"https:\/\/laforce-expedition.com\/es\/#\/schema\/logo\/image\/\"},\"sameAs\":[\"https:\/\/www.facebook.com\/Laforceexpedition\/\"]}]}<\/script>\n<!-- \/ Yoast SEO plugin. -->","yoast_head_json":{"title":"Paseos en trineo de perros - Laforce Exp\u00e9dition","description":"Laforce Exp\u00e9dition ofrece paseos en trineo de perros en la regi\u00f3n de Joliette para todos los amantes de los trineos de perros.","robots":{"index":"index","follow":"follow","max-snippet":"max-snippet:-1","max-image-preview":"max-image-preview:large","max-video-preview":"max-video-preview:-1"},"canonical":"https:\/\/laforce-expedition.com\/es\/","og_locale":"es_ES","og_type":"article","og_title":"Paseos en trineo de perros - Laforce Exp\u00e9dition","og_description":"Laforce Exp\u00e9dition ofrece paseos en trineo de perros en la regi\u00f3n de Joliette para todos los amantes de los trineos de perros.","og_url":"https:\/\/laforce-expedition.com\/es\/","og_site_name":"Laforce Exp\u00e9dition","article_publisher":"https:\/\/www.facebook.com\/Laforceexpedition\/","article_modified_time":"2025-03-12T13:55:35+00:00","twitter_card":"summary_large_image","twitter_misc":{"Tiempo de lectura":"5 minutos"},"schema":{"@context":"https:\/\/schema.org","@graph":[{"@type":"WebPage","@id":"https:\/\/laforce-expedition.com\/es\/","url":"https:\/\/laforce-expedition.com\/es\/","name":"Paseos en trineo de perros - Laforce Exp\u00e9dition","isPartOf":{"@id":"https:\/\/laforce-expedition.com\/es\/#website"},"datePublished":"2017-12-05T00:28:13+00:00","dateModified":"2025-03-12T13:55:35+00:00","description":"Laforce Exp\u00e9dition ofrece paseos en trineo de perros en la regi\u00f3n de Joliette para todos los amantes de los trineos de perros.","breadcrumb":{"@id":"https:\/\/laforce-expedition.com\/es\/#breadcrumb"},"inLanguage":"es","potentialAction":[{"@type":"ReadAction","target":["https:\/\/laforce-expedition.com\/es\/"]}]},{"@type":"BreadcrumbList","@id":"https:\/\/laforce-expedition.com\/es\/#breadcrumb","itemListElement":[{"@type":"ListItem","position":1,"name":"Accueil","item":"https:\/\/laforce-expedition.com\/es\/"},{"@type":"ListItem","position":2,"name":"Inicio"}]},{"@type":"WebSite","@id":"https:\/\/laforce-expedition.com\/es\/#website","url":"https:\/\/laforce-expedition.com\/es\/","name":"Laforce Exp\u00e9dition","description":"Balades en chiens de tra\u00eeneaux.","publisher":{"@id":"https:\/\/laforce-expedition.com\/es\/#organization"},"potentialAction":[{"@type":"SearchAction","target":{"@type":"EntryPoint","urlTemplate":"https:\/\/laforce-expedition.com\/es\/?s={search_term_string}"},"query-input":"required name=search_term_string"}],"inLanguage":"es"},{"@type":"Organization","@id":"https:\/\/laforce-expedition.com\/es\/#organization","name":"Laforce Exp\u00e9dition","url":"https:\/\/laforce-expedition.com\/es\/","logo":{"@type":"ImageObject","inLanguage":"es","@id":"https:\/\/laforce-expedition.com\/es\/#\/schema\/logo\/image\/","url":"https:\/\/laforce-expedition.com\/wp-content\/uploads\/2017\/12\/logo-laforce.jpg","contentUrl":"https:\/\/laforce-expedition.com\/wp-content\/uploads\/2017\/12\/logo-laforce.jpg","width":300,"height":317,"caption":"Laforce Exp\u00e9dition"},"image":{"@id":"https:\/\/laforce-expedition.com\/es\/#\/schema\/logo\/image\/"},"sameAs":["https:\/\/www.facebook.com\/Laforceexpedition\/"]}]}},"_links":{"self":[{"href":"https:\/\/laforce-expedition.com\/es\/wp-json\/wp\/v2\/pages\/414"}],"collection":[{"href":"https:\/\/laforce-expedition.com\/es\/wp-json\/wp\/v2\/pages"}],"about":[{"href":"https:\/\/laforce-expedition.com\/es\/wp-json\/wp\/v2\/types\/page"}],"author":[{"embeddable":true,"href":"https:\/\/laforce-expedition.com\/es\/wp-json\/wp\/v2\/users\/1"}],"replies":[{"embeddable":true,"href":"https:\/\/laforce-expedition.com\/es\/wp-json\/wp\/v2\/comments?post=414"}],"version-history":[{"count":6,"href":"https:\/\/laforce-expedition.com\/es\/wp-json\/wp\/v2\/pages\/414\/revisions"}],"predecessor-version":[{"id":457,"href":"https:\/\/laforce-expedition.com\/es\/wp-json\/wp\/v2\/pages\/414\/revisions\/457"}],"wp:attachment":[{"href":"https:\/\/laforce-expedition.com\/es\/wp-json\/wp\/v2\/media?parent=414"}],"curies":[{"name":"wp","href":"https:\/\/api.w.org\/{rel}","templated":true}]}}